{"id":134,"date":"2018-12-29T15:07:50","date_gmt":"2018-12-29T14:07:50","guid":{"rendered":"http:\/\/fwv-offenau.de\/cms\/?page_id=134"},"modified":"2024-09-12T16:51:19","modified_gmt":"2024-09-12T14:51:19","slug":"startseite","status":"publish","type":"page","link":"https:\/\/fwv-offenau.de\/cms\/","title":{"rendered":"Startseite"},"content":{"rendered":"<div class=\"wpb-content-wrapper\"><p>[vc_row disable_element=&#8220;yes&#8220;][vc_column][vc_column_text css=&#8220;&#8220;]\n\t\t\t\t<p class=\"rs-p-wp-fix\"><\/p>\n\t\t\t\t<sr7-module data-alias=\"Kandidaten2024\" data-id=\"3\" id=\"SR7_3_1\" data-version=\"6.7.53\">\n\t\t\t\t\t<sr7-adjuster><\/sr7-adjuster>\n\t\t\t\t\t<sr7-content>\n\t\t\t\t\t\t<sr7-slide id=\"SR7_3_1-25\" data-key=\"25\">\n\t\t\t\t\t\t\t<sr7-bg id=\"SR7_3_1-25-slidebg\" class=\"sr7-layer\"><noscript><img decoding=\"async\" src=\"https:\/\/fwv-offenau.de\/cms\/wp-content\/uploads\/2024\/04\/Roland-Haefele-Slider.jpg\" alt=\"\" title=\"Roland-Haefele-Slider\"><\/noscript><\/sr7-bg>\n\t\t\t\t\t\t\t<sr7-txt id=\"SR7_3_1-25-1\" class=\"sr7-layer\">Roland H\u00e4fele<\/sr7-txt>\n\t\t\t\t\t\t\t<sr7-txt id=\"SR7_3_1-25-2\" class=\"sr7-layer\">Meine Schwerpunkte:<br>\n\neine offene und ehrliche Kommunikation,<br>\n\npassende Wohnraum-Nachverdichtungen in der bestehenden<br>\n\nOrtslage und die sehr gute Infrastruktur in Offenau erhalten <br>und weiterentwickeln.<\/sr7-txt>\n\t\t\t\t\t\t<\/sr7-slide>\n\t\t\t\t\t\t<sr7-slide id=\"SR7_3_1-21\" data-key=\"21\">\n\t\t\t\t\t\t\t<sr7-bg id=\"SR7_3_1-21-slidebg\" class=\"sr7-layer\"><noscript><img decoding=\"async\" src=\"https:\/\/fwv-offenau.de\/cms\/wp-content\/uploads\/2024\/04\/Juergen-KowolSlider.jpg\" alt=\"\" title=\"Juergen-KowolSlider\"><\/noscript><\/sr7-bg>\n\t\t\t\t\t\t\t<sr7-txt id=\"SR7_3_1-21-1\" class=\"sr7-layer\">J\u00fcrgen Kowol<\/sr7-txt>\n\t\t\t\t\t\t\t<sr7-txt id=\"SR7_3_1-21-2\" class=\"sr7-layer\">In den letzten Jahren konnten wir f\u00fcr Offenau viel bewegen. \n<br>\nLassen Sie uns daran ankn\u00fcpfen und weitermachen \u2013 <br>mit mutigen und zukunftsweisenden Entscheidungen <br>f\u00fcr ein attraktives Offenau !\n\n<\/sr7-txt>\n\t\t\t\t\t\t<\/sr7-slide>\n\t\t\t\t\t\t<sr7-slide id=\"SR7_3_1-24\" data-key=\"24\">\n\t\t\t\t\t\t\t<sr7-bg id=\"SR7_3_1-24-slidebg\" class=\"sr7-layer\"><noscript><img decoding=\"async\" src=\"https:\/\/fwv-offenau.de\/cms\/wp-content\/uploads\/2024\/04\/Elke-Geiger-Slider.jpg\" alt=\"\" title=\"Elke-Geiger-Slider\"><\/noscript><\/sr7-bg>\n\t\t\t\t\t\t\t<sr7-txt id=\"SR7_3_1-24-1\" class=\"sr7-layer\">Elke Geiger<\/sr7-txt>\n\t\t\t\t\t\t\t<sr7-txt id=\"SR7_3_1-24-2\" class=\"sr7-layer\">Nachhaltige St\u00e4rkung des Ehrenamts auf der guten Basis f\u00fcr <br>Vereine und Gruppen in Offenau\n<\/sr7-txt>\n\t\t\t\t\t\t<\/sr7-slide>\n\t\t\t\t\t\t<sr7-slide id=\"SR7_3_1-30\" data-key=\"30\">\n\t\t\t\t\t\t\t<sr7-bg id=\"SR7_3_1-30-slidebg\" class=\"sr7-layer\"><noscript><img decoding=\"async\" src=\"https:\/\/fwv-offenau.de\/cms\/wp-content\/uploads\/2024\/04\/nicole-final-600x736-1.jpg\" alt=\"\" title=\"nicole-final-600&#215;736\"><\/noscript><\/sr7-bg>\n\t\t\t\t\t\t\t<sr7-txt id=\"SR7_3_1-30-1\" class=\"sr7-layer\">Nicole Krach<\/sr7-txt>\n\t\t\t\t\t\t\t<sr7-txt id=\"SR7_3_1-30-2\" class=\"sr7-layer\">Attraktive Gestaltung der Freizeit- und Erholungslandschaft <br>Neckar und die Wiederbelebung der Offenauer Ortsmitte \n<\/sr7-txt>\n\t\t\t\t\t\t<\/sr7-slide>\n\t\t\t\t\t\t<sr7-slide id=\"SR7_3_1-31\" data-key=\"31\">\n\t\t\t\t\t\t\t<sr7-bg id=\"SR7_3_1-31-slidebg\" class=\"sr7-layer\"><noscript><img decoding=\"async\" src=\"https:\/\/fwv-offenau.de\/cms\/wp-content\/uploads\/2024\/04\/Jasmin-Peetz-Slider.jpg\" alt=\"\" title=\"Jasmin-Peetz-Slider\"><\/noscript><\/sr7-bg>\n\t\t\t\t\t\t\t<sr7-txt id=\"SR7_3_1-31-1\" class=\"sr7-layer\">Jasmin Peetz<\/sr7-txt>\n\t\t\t\t\t\t\t<sr7-txt id=\"SR7_3_1-31-2\" class=\"sr7-layer\">Offen und klar im Dialog, stark in der Umsetzung, gemeinsam <br>mit Herz & Verstand f\u00fcr ein lebenswertes Offenau.\n\n<\/sr7-txt>\n\t\t\t\t\t\t<\/sr7-slide>\n\t\t\t\t\t\t<sr7-slide id=\"SR7_3_1-22\" data-key=\"22\">\n\t\t\t\t\t\t\t<sr7-bg id=\"SR7_3_1-22-slidebg\" class=\"sr7-layer\"><noscript><img decoding=\"async\" src=\"https:\/\/fwv-offenau.de\/cms\/wp-content\/uploads\/2024\/04\/Christian-PorschSlider.jpg\" alt=\"\" title=\"Christian-PorschSlider\"><\/noscript><\/sr7-bg>\n\t\t\t\t\t\t\t<sr7-txt id=\"SR7_3_1-22-1\" class=\"sr7-layer\">Christian Porsch<\/sr7-txt>\n\t\t\t\t\t\t\t<sr7-txt id=\"SR7_3_1-22-2\" class=\"sr7-layer\">Neue vielf\u00e4ltige Angebote f\u00fcr junge Menschen schaffen und die Familienfreundlichkeit in unserer Gemeinde weiter f\u00f6rdern.<\/sr7-txt>\n\t\t\t\t\t\t<\/sr7-slide>\n\t\t\t\t\t\t<sr7-slide id=\"SR7_3_1-26\" data-key=\"26\">\n\t\t\t\t\t\t\t<sr7-bg id=\"SR7_3_1-26-slidebg\" class=\"sr7-layer\"><noscript><img decoding=\"async\" src=\"https:\/\/fwv-offenau.de\/cms\/wp-content\/uploads\/2024\/04\/Lena-Heinemann-Ziegler-Slider.jpg\" alt=\"\" title=\"Lena-Heinemann-Ziegler-Slider\"><\/noscript><\/sr7-bg>\n\t\t\t\t\t\t\t<sr7-txt id=\"SR7_3_1-26-1\" class=\"sr7-layer\">Lena Heinemann-Ziegler<\/sr7-txt>\n\t\t\t\t\t\t\t<sr7-txt id=\"SR7_3_1-26-2\" class=\"sr7-layer\">Offenau als Wohlf\u00fchl- Wohnort f\u00fcr alle: <br>Einsatz f\u00fcr die Interessen von Kindern und Jugendlichen in Offenau.  <br>Stark f\u00fcr den Erhalt der Umwelt in unserer Gemeinde.<\/sr7-txt>\n\t\t\t\t\t\t<\/sr7-slide>\n\t\t\t\t\t\t<sr7-slide id=\"SR7_3_1-23\" data-key=\"23\">\n\t\t\t\t\t\t\t<sr7-bg id=\"SR7_3_1-23-slidebg\" class=\"sr7-layer\"><noscript><img decoding=\"async\" src=\"https:\/\/fwv-offenau.de\/cms\/wp-content\/uploads\/2024\/04\/Rainer-Beer-Slider.jpg\" alt=\"\" title=\"Rainer-Beer-Slider\"><\/noscript><\/sr7-bg>\n\t\t\t\t\t\t\t<sr7-txt id=\"SR7_3_1-23-1\" class=\"sr7-layer\">Rainer Beer<\/sr7-txt>\n\t\t\t\t\t\t\t<sr7-txt id=\"SR7_3_1-23-2\" class=\"sr7-layer\">Ich stehe f\u00fcr Umwelt- und Naturschutz sowie f\u00fcr den Erhalt und <br>Schaffung gr\u00fcner und lebenswerter \u00f6ffentlicher R\u00e4ume in <br>Offenau die zum Erhalt der Umwelt beitragen. <br><br>\n\nSowie f\u00fcr die Nachverdichtung von freien Fl\u00e4chen <br>im Ortsgebiet zur Wohnraumschaffung.\n\n<\/sr7-txt>\n\t\t\t\t\t\t<\/sr7-slide>\n\t\t\t\t\t\t<sr7-slide id=\"SR7_3_1-32\" data-key=\"32\">\n\t\t\t\t\t\t\t<sr7-bg id=\"SR7_3_1-32-slidebg\" class=\"sr7-layer\"><noscript><img decoding=\"async\" src=\"https:\/\/fwv-offenau.de\/cms\/wp-content\/uploads\/2024\/04\/Jochen-Kuehner-Slinder.jpg\" alt=\"\" title=\"Jochen-Kuehner-Slinder\"><\/noscript><\/sr7-bg>\n\t\t\t\t\t\t\t<sr7-txt id=\"SR7_3_1-32-1\" class=\"sr7-layer\">Jochen K\u00fchner<\/sr7-txt>\n\t\t\t\t\t\t\t<sr7-txt id=\"SR7_3_1-32-2\" class=\"sr7-layer\">Ich stehe f\u00fcr b\u00fcrgernahe Kommunalpolitik ohne Parteiprogramm <br>und setze mich dar\u00fcber hinaus f\u00fcr die Durchf\u00fchrung eines <br>Weihnachtsmarktes in Offenau ein !\n<\/sr7-txt>\n\t\t\t\t\t\t<\/sr7-slide>\n\t\t\t\t\t\t<sr7-slide id=\"SR7_3_1-29\" data-key=\"29\">\n\t\t\t\t\t\t\t<sr7-bg id=\"SR7_3_1-29-slidebg\" class=\"sr7-layer\"><noscript><img decoding=\"async\" src=\"https:\/\/fwv-offenau.de\/cms\/wp-content\/uploads\/2024\/04\/Patricia-Schmidt-Slider.jpg\" alt=\"\" title=\"Patricia-Schmidt-Slider\"><\/noscript><\/sr7-bg>\n\t\t\t\t\t\t\t<sr7-txt id=\"SR7_3_1-29-1\" class=\"sr7-layer\">Patricia Schmidt<\/sr7-txt>\n\t\t\t\t\t\t\t<sr7-txt id=\"SR7_3_1-29-2\" class=\"sr7-layer\">Eine von vielen \u201eFamilienmanagerinnen in Offenau\u201c<br><br>\n \nWertsch\u00e4tzend die Erfahrungen aus der Vergangenheit in der<br> Zukunft gemeinsam neugestalten.<br>\n\nDie Vereinbarkeit von Familie und Beruf erm\u00f6glichen und daf\u00fcr <br>das passende Arrangement finden.\n<br>\nDaf\u00fcr stehe ich.  \n\n<\/sr7-txt>\n\t\t\t\t\t\t<\/sr7-slide>\n\t\t\t\t\t\t<sr7-slide id=\"SR7_3_1-27\" data-key=\"27\">\n\t\t\t\t\t\t\t<sr7-bg id=\"SR7_3_1-27-slidebg\" class=\"sr7-layer\"><noscript><img decoding=\"async\" src=\"https:\/\/fwv-offenau.de\/cms\/wp-content\/uploads\/2024\/04\/Nevin-Simsek-Slider.jpg\" alt=\"\" title=\"Nevin-Simsek-Slider\"><\/noscript><\/sr7-bg>\n\t\t\t\t\t\t\t<sr7-txt id=\"SR7_3_1-27-1\" class=\"sr7-layer\">Nevin Simsek<\/sr7-txt>\n\t\t\t\t\t\t\t<sr7-txt id=\"SR7_3_1-27-2\" class=\"sr7-layer\">F\u00fcr die Vielfalt und die Gemeinschaft im Ehrenamt. <br>Damit sich unsere Vereine in Offenau weiter entwickeln und die <br>Menschen in unserem Ort zusammenbringen.\n\n\n<\/sr7-txt>\n\t\t\t\t\t\t<\/sr7-slide>\n\t\t\t\t\t\t<sr7-slide id=\"SR7_3_1-28\" data-key=\"28\">\n\t\t\t\t\t\t\t<sr7-bg id=\"SR7_3_1-28-slidebg\" class=\"sr7-layer\"><noscript><img decoding=\"async\" src=\"https:\/\/fwv-offenau.de\/cms\/wp-content\/uploads\/2024\/04\/Mike-Schmidt-Slider.jpg\" alt=\"\" title=\"Mike-Schmidt-Slider\"><\/noscript><\/sr7-bg>\n\t\t\t\t\t\t\t<sr7-txt id=\"SR7_3_1-28-1\" class=\"sr7-layer\">Mike Schmidt<\/sr7-txt>\n\t\t\t\t\t\t\t<sr7-txt id=\"SR7_3_1-28-2\" class=\"sr7-layer\">Gemeinsam f\u00fcr eine starke Gemeinde: Attraktivit\u00e4t bewahren, <br>Strukturen st\u00e4rken, Zukunft gestalten!<\/sr7-txt>\n\t\t\t\t\t\t<\/sr7-slide>\n\t\t\t\t\t\t<sr7-slide id=\"SR7_3_1-47\" data-key=\"47\">\n\t\t\t\t\t\t<\/sr7-slide>\n\t\t\t\t\t<\/sr7-content>\n\t\t\t\t<\/sr7-module>\n\t\t\t\t<script>\n\t\t\t\t\twindow.SR7 ??={};SR7.PMH ??={}; SR7.PMH[\"SR7_3_1\"] = {cn:100,state:false,fn: function() { if (window._tpt!==undefined && window._tpt.prepareModuleHeight !== undefined) {  _tpt.prepareModuleHeight({id:\"SR7_3_1\",el:[395],type:'standard',shdw:'1',gh:[395],gw:[1240],vpt:['-200px'],size:{fullWidth:false, fullHeight:false},mh:'0',onh:0,onw:0,bg:{color:'transparent'},googleFont:\"ignore\",plType:'0',plColor:'#FFFFFF'});   SR7.PMH[\"SR7_3_1\"].state=true;} else if(SR7.PMH[\"SR7_3_1\"].cn-->0)\tsetTimeout( SR7.PMH[\"SR7_3_1\"].fn,19);}};SR7.PMH[\"SR7_3_1\" ].fn();\n\t\t\t\t<\/script>\n[\/vc_column_text][\/vc_column][\/vc_row][vc_row][vc_column][vc_empty_space height=&#8220;50px&#8220;][\/vc_column][\/vc_row][vc_row][vc_column][vc_column_text css=&#8220;&#8220;]Gr\u00fc\u00df Gott und herzlich Willkommen auf der offiziellen Internetpr\u00e4senz der\u00a0<span style=\"color: #01837b;\"><strong>Freien W\u00e4hler Vereinigung Offenau<\/strong><\/span>. Wir freuen uns \u00fcber Ihren Besuch und Ihr Interesse an uns und unserer Kommunalpolitik.<\/p>\n<p>Die Freie W\u00e4hler Vereinigung Offenau ist ein unabh\u00e4ngiger Zusammenschluss von Offenauer B\u00fcrgerinnen und B\u00fcrgern und ist damit keinem \u00fcbergeordnetem Parteiprogramm verpflichtet.<\/p>\n<p>In den letzten Jahren konnten wir in\u00a0<span style=\"color: #01837b;\"><strong>Offenau<\/strong><\/span>\u00a0viel bewegen.<\/p>\n<p>Der Bau der Offenauer\u00a0<span style=\"color: #01837b;\"><strong>Markthalle<\/strong><\/span>, die Sicherstellung der\u00a0<span style=\"color: #01837b;\"><strong>\u00e4rztlichen Versorgung<\/strong><\/span>, der fl\u00e4chendeckende\u00a0<span style=\"color: #01837b;\"><strong>Glasfaserausbau<\/strong><\/span>, die Erweiterung der\u00a0<span style=\"color: #01837b;\"><strong>Kinderbetreuung<\/strong><\/span>, der Bau der\u00a0<span style=\"color: #01837b;\"><strong>Vereinslagerhalle<\/strong><\/span>\u00a0oder die weitere Umsetzung der\u00a0<span style=\"color: #01837b;\"><strong>L\u00e4rmschutzma\u00dfnahmen<\/strong><\/span>, entlang der B27 sind nur einige Beispiele.<\/p>\n<p>Daran wollen wir als\u00a0<span style=\"color: #01837b;\"><strong>Freie W\u00e4hler Vereinigung<\/strong><\/span>\u00a0ankn\u00fcpfen.<\/p>\n<p><span style=\"color: #01837b;\"><strong>Unabh\u00e4ngig<\/strong><\/span>,\u00a0<span style=\"color: #01837b;\"><strong>erfahren<\/strong><\/span>, mit\u00a0<span style=\"color: #01837b;\"><strong>mutig<\/strong><\/span>en und\u00a0<span style=\"color: #01837b;\"><strong>richtungsweisend<\/strong><\/span>en Entscheidungen, f\u00fcr\u00a0<span style=\"color: #01837b;\"><strong>unser Offenau<\/strong><\/span>.<\/p>\n<p>Sie haben Ideen, W\u00fcnsche oder Anregungen f\u00fcr die Freien W\u00e4hler oder f\u00fcr die Offenauer Kommunalpolitik ? Dann freuen wir uns \u00fcber Ihre Kontaktaufnahme in unserer Rubrik Kontakt oder mit der Kontaktfunktion bei \u201cIhre Gemeinder\u00e4te der FWV\u201d<\/p>\n<p><span style=\"color: #01837b;\"><strong>Vielen Dank f\u00fcr Ihre Stimmen f\u00fcr Offenau !<\/strong><\/span>[\/vc_column_text][\/vc_column][\/vc_row][vc_row][vc_column][vc_empty_space height=&#8220;50&#8243;][\/vc_column][\/vc_row][vc_row disable_element=&#8220;yes&#8220;][vc_column][vc_column_text css=&#8220;&#8220;]In den letzten Jahren konnten wir in <span style=\"color: #037972;\"><strong>Offenau<\/strong><\/span> viel bewegen.<\/p>\n<p>Der Bau der Offenauer <span style=\"color: #037972;\"><strong>Markthalle<\/strong><\/span>, die Sicherstellung der <span style=\"color: #037972;\"><strong>\u00e4rztlichen Versorgung<\/strong><\/span>, der fl\u00e4chendeckende <span style=\"color: #037972;\"><strong>Glasfaserausbau<\/strong><\/span>, die Erweiterung der <span style=\"color: #037972;\"><strong>Kinderbetreuung<\/strong><\/span>, der Bau der <span style=\"color: #037972;\"><strong>Vereinslagerhalle<\/strong><\/span> oder die weitere Umsetzung der <span style=\"color: #037972;\"><strong>L\u00e4rmschutzma\u00dfnahmen<\/strong><\/span>, entlang der B27 sind nur einige Beispiele.<\/p>\n<p>Daran wollen wir als <span style=\"color: #037972;\"><strong>Freie W\u00e4hler Vereinigung<\/strong> <\/span>ankn\u00fcpfen.<\/p>\n<p><span style=\"color: #037972;\"><strong>Unabh\u00e4ngig<\/strong><\/span>, <span style=\"color: #037972;\"><strong>erfahren<\/strong><\/span>, mit <span style=\"color: #037972;\"><strong>mutig<\/strong><\/span>en und <span style=\"color: #037972;\"><strong>richtungsweisend<\/strong><\/span>en Entscheidungen, f\u00fcr <span style=\"color: #037972;\"><strong>unser Offenau<\/strong><\/span>.<\/p>\n<p><strong>\u00a0<\/strong><\/p>\n<p><span style=\"color: #037972;\"><strong><u>Die Freie W\u00e4hlervereinigung Offenau ist:<\/u><\/strong><\/span><\/p>\n<ul>\n<li>eine <span style=\"color: #037972;\"><strong>starke Fraktion<\/strong><\/span>, fest verankert in der <span style=\"color: #037972;\"><strong>Mitte der Gesellschaft<\/strong><\/span> und <span style=\"color: #037972;\"><strong>keine Partei<\/strong><\/span><\/li>\n<li><span style=\"color: #037972;\"><strong>unabh\u00e4ngig<\/strong><\/span>, <span style=\"color: #037972;\"><strong>sachorientiert<\/strong><\/span> und stellt die Offenauer B\u00fcrgerinnen und B\u00fcrger in den <span style=\"color: #037972;\"><strong>Mittelpunkt<\/strong><\/span> Ihrer Arbeit<\/li>\n<li>eine <span style=\"color: #037972;\"><strong>Kraft<\/strong><\/span>, die seit Jahren die <span style=\"color: #037972;\"><strong>Weiterentwicklung<\/strong><\/span> von Offenau vorantreibt und wesentlich <span style=\"color: #037972;\"><strong>mitgestaltet<\/strong><\/span><\/li>\n<li><span style=\"color: #037972;\"><strong>ehrenamtlich engagiert<\/strong><\/span> und in das gesellschaftliche Leben unserer Gemeinde eingebunden<\/li>\n<li>ein <span style=\"color: #037972;\"><strong>Team<\/strong><\/span>, dass auf den Gebieten des kommunalen Lebens, <span style=\"color: #037972;\"><strong>Sach- und Fachkompetenz<\/strong><\/span> besitzt<\/li>\n<li>eine <span style=\"color: #037972;\"><strong>gute Wahl f\u00fcr Offenau !<\/strong><\/span><\/li>\n<\/ul>\n<p>&nbsp;<\/p>\n<p>[\/vc_column_text][\/vc_column][\/vc_row][vc_row equal_height=&#8220;yes&#8220; content_placement=&#8220;middle&#8220; disable_element=&#8220;yes&#8220; css=&#8220;.vc_custom_1726152622659{margin-top: 0px !important;margin-right: 0px !important;margin-bottom: 0px !important;margin-left: 0px !important;border-top-width: 4px !important;border-right-width: 4px !important;border-bottom-width: 4px !important;border-left-width: 4px !important;padding-top: 0px !important;padding-right: 0px !important;padding-bottom: 0px !important;padding-left: 0px !important;border-left-style: solid !important;border-right-style: solid !important;border-top-style: solid !important;border-bottom-style: solid !important;border-color: #bf1817 !important;}&#8220; el_id=&#8220;rahmen&#8220; el_class=&#8220;rahmen2&#8243;][vc_column css=&#8220;.vc_custom_1713806437017{margin-top: -40px !important;border-top-width: 0px !important;border-right-width: 0px !important;border-bottom-width: 0px !important;border-left-width: 0px !important;border-left-style: dotted !important;border-right-style: dotted !important;border-top-style: dotted !important;border-bottom-style: dotted !important;border-color: #8224e3 !important;}&#8220;][vc_column_text css=&#8220;&#8220;]<span style=\"font-size: 14pt;\"><strong>Liebe W\u00e4hlerinnen und W\u00e4hler, liebe Offenauerinnen und Offenauer,<\/strong><\/span><\/p>\n<p><span style=\"font-size: 14pt;\"><strong>ganz herzlich d\u00fcrfen wir heute \u201eDANKE\u201c sagen. Danke f\u00fcr Ihr Vertrauen und Ihre Stimmen f\u00fcr die Kandidatinnen und Kandidaten der Freien W\u00e4hlervereinigung Offenau. Wir freuen uns, dass wir in der neuen Legislaturperiode einen weiteren Sitz dazugewinnen konnten und jetzt mit 5 Sitzen im Offenauer Ratsrund vertreten sein d\u00fcrfen. Wir begr\u00fc\u00dfen Rainer Beer und Christian Porsch als neue Mitglieder herzlich in unserer Fraktion.<\/strong><\/span><\/p>\n<p><span style=\"font-size: 14pt;\"><strong>Unser herzlicher Dank gilt allen unseren Kandidatinnen und Kandidaten der Liste der Freien W\u00e4hlervereinigung Offenau. Alle 12 haben zu diesem hervorragenden Ergebnis durch ihre Kandidatur beigetragen.<\/strong><\/span><\/p>\n<p><span style=\"font-size: 14pt;\"><strong>Ihre 6.113 Stimmen \u2013 1.799 mehr als bei der letzten Wahl 2019 \u2013 sind unser Ansporn, mutige und zukunftsweisende Kommunalpolitik f\u00fcr unser Offenau zu machen.<\/strong><\/span><\/p>\n<p><span style=\"font-size: 14pt;\"><strong>Ein ganz gro\u00dfes Danke auch an die vielen Wahlhelferinnen und Wahlhelfer, f\u00fcr ihre wichtige ehrenamtliche Arbeit und das Ausz\u00e4hlen der Stimmen.<\/strong><\/span><\/p>\n<p><span style=\"font-size: 14pt;\"><strong>Zusammen mit unseren Ratskolleginnen und Kollegen der anderen Fraktionen werden wir uns weiter f\u00fcr Offenau einsetzen, unsere Gemeinde gestalten, damit Offenau \u201eattraktiv im Neckartal\u201c bleibt.<\/strong><\/span><\/p>\n<p><span style=\"font-size: 14pt;\"><strong>\u00a0<\/strong><\/span><\/p>\n<p><span style=\"font-size: 14pt;\"><strong>Ihre Freie W\u00e4hlervereinigung Offenau<\/strong><\/span>[\/vc_column_text][\/vc_column][\/vc_row][vc_row][vc_column][vc_empty_space height=&#8220;100px&#8220;][\/vc_column][\/vc_row]<\/p>\n<\/div>","protected":false},"excerpt":{"rendered":"<p>[vc_row disable_element=&#8220;yes&#8220;][vc_column][vc_column_text css=&#8220;&#8220;][\/vc_column_text][\/vc_column][\/vc_row][vc_row][vc_column][vc_empty_space height=&#8220;50px&#8220;][\/vc_column][\/vc_row][vc_row][vc_column][vc_column_text css=&#8220;&#8220;]Gr\u00fc\u00df Gott und herzlich Willkommen auf der offiziellen Internetpr\u00e4senz der\u00a0Freien W\u00e4hler Vereinigung Offenau. Wir freuen uns \u00fcber Ihren Besuch und Ihr Interesse an uns und unserer Kommunalpolitik. Die Freie W\u00e4hler Vereinigung Offenau ist ein unabh\u00e4ngiger Zusammenschluss von Offenauer B\u00fcrgerinnen und B\u00fcrgern und ist damit keinem \u00fcbergeordnetem Parteiprogramm verpflichtet. In den letzten Jahren konnten wir in\u00a0Offenau\u00a0viel bewegen.<\/p>\n","protected":false},"author":1,"featured_media":0,"parent":0,"menu_order":0,"comment_status":"closed","ping_status":"closed","template":"template-fullwidth.php","meta":{"footnotes":""},"class_list":["post-134","page","type-page","status-publish","hentry"],"_links":{"self":[{"href":"https:\/\/fwv-offenau.de\/cms\/wp-json\/wp\/v2\/pages\/134","targetHints":{"allow":["GET"]}}],"collection":[{"href":"https:\/\/fwv-offenau.de\/cms\/wp-json\/wp\/v2\/pages"}],"about":[{"href":"https:\/\/fwv-offenau.de\/cms\/wp-json\/wp\/v2\/types\/page"}],"author":[{"embeddable":true,"href":"https:\/\/fwv-offenau.de\/cms\/wp-json\/wp\/v2\/users\/1"}],"replies":[{"embeddable":true,"href":"https:\/\/fwv-offenau.de\/cms\/wp-json\/wp\/v2\/comments?post=134"}],"version-history":[{"count":10,"href":"https:\/\/fwv-offenau.de\/cms\/wp-json\/wp\/v2\/pages\/134\/revisions"}],"predecessor-version":[{"id":608,"href":"https:\/\/fwv-offenau.de\/cms\/wp-json\/wp\/v2\/pages\/134\/revisions\/608"}],"wp:attachment":[{"href":"https:\/\/fwv-offenau.de\/cms\/wp-json\/wp\/v2\/media?parent=134"}],"curies":[{"name":"wp","href":"https:\/\/api.w.org\/{rel}","templated":true}]}}