{"id":159,"date":"2018-12-29T22:03:10","date_gmt":"2018-12-29T21:03:10","guid":{"rendered":"http:\/\/fwv-offenau.de\/cms\/?page_id=159"},"modified":"2024-04-17T14:27:31","modified_gmt":"2024-04-17T12:27:31","slug":"fwv-fuer-offenau","status":"publish","type":"page","link":"https:\/\/fwv-offenau.de\/cms\/fwv-fuer-offenau\/","title":{"rendered":"FWV f\u00fcr Offenau"},"content":{"rendered":"<div class=\"wpb-content-wrapper\"><p>[vc_row][vc_column][vc_column_text css=&#8220;&#8220;]<\/p>\n<h2 style=\"font-weight: 400;\"><strong>Offenau \u2013 attraktiv im Neckartal \u2013 unser Ziel auch in den kommenden Jahren<\/strong><\/h2>\n<p>[\/vc_column_text][vc_empty_space height=&#8220;1px&#8220;][\/vc_column][\/vc_row][vc_row][vc_column][vc_column_text css=&#8220;&#8220;]<\/p>\n<h2 style=\"font-weight: 400;\"><strong>Technische Infrastruktur:<\/strong><\/h2>\n<ul style=\"font-weight: 400;\">\n<li>Weiterentwicklung des \u00f6ffentlichen Nahverkehrs, u.a. mit dem Ziel von einem \u00bd h Takt bei der Stadtbahn S41<\/li>\n<li>die gute bestehende Infrastruktur erhalten und weiterentwickeln<\/li>\n<li>Weiterverfolgung von L\u00e4rmschutzma\u00dfnahmen an der B27 und der Bahnlinie<\/li>\n<li>Attraktivit\u00e4t entlang der B27 f\u00fcr Anwohner, Fussg\u00e4nger, Autofahrer und Kunden der Gesch\u00e4fte steigern<\/li>\n<\/ul>\n<p>[\/vc_column_text][vc_column_text css=&#8220;&#8220;]<\/p>\n<h2><strong>Soziale Infrastruktur:<\/strong><\/h2>\n<ul style=\"list-style-type: disc;\">\n<li>St\u00e4rkung des Ehrenamts, die gute Basis f\u00fcr Vereine und Gruppen erhalten und weiterentwickeln<\/li>\n<li>Erhalt und attraktive Weiterentwicklung der Freizeit- und Naherholungsgebiete und des Neckarufers<\/li>\n<li>Neugestaltung des Areals \u201eHauptstr.42 \u00a0(abgebrannter Bauernhof)\u201c rund um Grundschule, Sporthalle, Kleinspielfeld und Schulhof f\u00fcr alle Generationen.<\/li>\n<\/ul>\n<p>[\/vc_column_text][vc_column_text css=&#8220;&#8220;]<\/p>\n<h2 style=\"font-weight: 400;\"><strong>Bildung:<\/strong><\/h2>\n<ul style=\"font-weight: 400;\">\n<li>Ausbau und Anpassung des Bildungs- und Betreuungsangebots f\u00fcr junge Familien im Bereich Krippe, Kindergarten und Ganztagesschule<\/li>\n<li>Konsequente Weiterentwicklung des Kindergarten- und Schulkonzeptes mit verl\u00e4sslichen und zeitgem\u00e4\u00dfen Betreuungsangeboten<\/li>\n<\/ul>\n<p>[\/vc_column_text][vc_column_text css=&#8220;&#8220;]<\/p>\n<h2><strong>Gewerbe:<\/strong><\/h2>\n<ul style=\"list-style-type: disc;\">\n<li>St\u00e4rkung und Neugewinnung von Kleinbetrieben und Mittelstand durch Schaffung von Entwicklungsgebieten<\/li>\n<li>St\u00e4rkung des Einzelhandels und weiterer Ausbau der Einkaufsm\u00f6glichkeiten vor Ort<\/li>\n<li>Stetige Weiterentwicklung der Ortsdurchfahrt mit Blick auf L\u00e4rm- und Anwohnerschutz im Einklang mit den Nahversorgungsangeboten<\/li>\n<\/ul>\n<p>[\/vc_column_text][vc_column_text css=&#8220;&#8220;]<\/p>\n<h2><strong>Wohnen:<\/strong><\/h2>\n<ul style=\"list-style-type: disc;\">\n<li>Weiterentwicklung des Konzepts Ortsmitte und Bundesstrasse 27<\/li>\n<li>Ma\u00dfvolle umweltschonende und quartiergerechte Nachverdichtung von Freifl\u00e4chen, zur Schaffung von zeitgem\u00e4\u00dfem und attraktivem Wohnraum<\/li>\n<li>Mutige Entscheidungen f\u00fcr Offenau bei Themen wie Gewerbeansiedelungen und Wohnraumschaffung<\/li>\n<\/ul>\n<p>[\/vc_column_text][\/vc_column][\/vc_row][vc_row][vc_column][vc_column_text css=&#8220;&#8220;]<\/p>\n<p style=\"font-weight: 400;\">Bei allen Ma\u00dfnahmen die gesunde Finanzsituation im Gemeindehaushalt im Blick halten.<\/p>\n<p>[\/vc_column_text][\/vc_column][\/vc_row]<\/p>\n<\/div>","protected":false},"excerpt":{"rendered":"<p>[vc_row][vc_column][vc_column_text css=&#8220;&#8220;] Offenau \u2013 attraktiv im Neckartal \u2013 unser Ziel auch in den kommenden Jahren [\/vc_column_text][vc_empty_space height=&#8220;1px&#8220;][\/vc_column][\/vc_row][vc_row][vc_column][vc_column_text css=&#8220;&#8220;] Technische Infrastruktur: Weiterentwicklung des \u00f6ffentlichen Nahverkehrs, u.a. mit dem Ziel von einem \u00bd h Takt bei der Stadtbahn S41 die gute bestehende Infrastruktur erhalten und weiterentwickeln Weiterverfolgung von L\u00e4rmschutzma\u00dfnahmen an der B27 und der Bahnlinie Attraktivit\u00e4t entlang der B27 f\u00fcr Anwohner, Fussg\u00e4nger,<\/p>\n","protected":false},"author":1,"featured_media":0,"parent":0,"menu_order":0,"comment_status":"closed","ping_status":"closed","template":"template-fullwidth.php","meta":{"footnotes":""},"class_list":["post-159","page","type-page","status-publish","hentry"],"_links":{"self":[{"href":"https:\/\/fwv-offenau.de\/cms\/wp-json\/wp\/v2\/pages\/159","targetHints":{"allow":["GET"]}}],"collection":[{"href":"https:\/\/fwv-offenau.de\/cms\/wp-json\/wp\/v2\/pages"}],"about":[{"href":"https:\/\/fwv-offenau.de\/cms\/wp-json\/wp\/v2\/types\/page"}],"author":[{"embeddable":true,"href":"https:\/\/fwv-offenau.de\/cms\/wp-json\/wp\/v2\/users\/1"}],"replies":[{"embeddable":true,"href":"https:\/\/fwv-offenau.de\/cms\/wp-json\/wp\/v2\/comments?post=159"}],"version-history":[{"count":10,"href":"https:\/\/fwv-offenau.de\/cms\/wp-json\/wp\/v2\/pages\/159\/revisions"}],"predecessor-version":[{"id":455,"href":"https:\/\/fwv-offenau.de\/cms\/wp-json\/wp\/v2\/pages\/159\/revisions\/455"}],"wp:attachment":[{"href":"https:\/\/fwv-offenau.de\/cms\/wp-json\/wp\/v2\/media?parent=159"}],"curies":[{"name":"wp","href":"https:\/\/api.w.org\/{rel}","templated":true}]}}