{"id":9,"date":"2018-12-18T18:32:38","date_gmt":"2018-12-18T17:32:38","guid":{"rendered":"http:\/\/fwv-offenau.de\/cms\/?page_id=9"},"modified":"2024-09-12T16:57:36","modified_gmt":"2024-09-12T14:57:36","slug":"ihre-gemeinderaete-der-fwv","status":"publish","type":"page","link":"https:\/\/fwv-offenau.de\/cms\/ihre-gemeinderaete-der-fwv\/","title":{"rendered":"Ihre Gemeinder\u00e4te der FWV"},"content":{"rendered":"<div class=\"wpb-content-wrapper\"><p>[vc_row][vc_column][vc_column_text css=&#8220;&#8220;]\n\t\t\t\t<p class=\"rs-p-wp-fix\"><\/p>\n\t\t\t\t<sr7-module data-alias=\"gemeinderaete2024\" data-id=\"4\" id=\"SR7_4_1\" data-version=\"6.7.52\">\n\t\t\t\t\t<sr7-adjuster><\/sr7-adjuster>\n\t\t\t\t\t<sr7-content>\n\t\t\t\t\t\t<sr7-slide id=\"SR7_4_1-39\" data-key=\"39\">\n\t\t\t\t\t\t\t<sr7-bg id=\"SR7_4_1-39-slidebg\" class=\"sr7-layer\"><noscript><img decoding=\"async\" src=\"https:\/\/fwv-offenau.de\/cms\/wp-content\/uploads\/2024\/04\/Roland-Haefele-Slider.jpg\" alt=\"\" title=\"Roland-Haefele-Slider\"><\/noscript><\/sr7-bg>\n\t\t\t\t\t\t\t<sr7-txt id=\"SR7_4_1-39-1\" class=\"sr7-layer\">Roland H\u00e4fele<\/sr7-txt>\n\t\t\t\t\t\t\t<sr7-txt id=\"SR7_4_1-39-2\" class=\"sr7-layer\">Meine Schwerpunkte:<br>\n\neine offene und ehrliche Kommunikation,<br>\n\npassende Wohnraum-Nachverdichtungen in der bestehenden<br>\n\nOrtslage und die sehr gute Infrastruktur in Offenau erhalten <br>und weiterentwickeln.<\/sr7-txt>\n\t\t\t\t\t\t<\/sr7-slide>\n\t\t\t\t\t\t<sr7-slide id=\"SR7_4_1-35\" data-key=\"35\">\n\t\t\t\t\t\t\t<sr7-bg id=\"SR7_4_1-35-slidebg\" class=\"sr7-layer\"><noscript><img decoding=\"async\" src=\"https:\/\/fwv-offenau.de\/cms\/wp-content\/uploads\/2024\/04\/Juergen-KowolSlider.jpg\" alt=\"\" title=\"Juergen-KowolSlider\"><\/noscript><\/sr7-bg>\n\t\t\t\t\t\t\t<sr7-txt id=\"SR7_4_1-35-1\" class=\"sr7-layer\">J\u00fcrgen Kowol<\/sr7-txt>\n\t\t\t\t\t\t\t<sr7-txt id=\"SR7_4_1-35-2\" class=\"sr7-layer\">In den letzten Jahren konnten wir f\u00fcr Offenau viel bewegen. \n<br>\nLassen Sie uns daran ankn\u00fcpfen und weitermachen \u2013 <br>mit mutigen und zukunftsweisenden Entscheidungen <br>f\u00fcr ein attraktives Offenau !\n\n<\/sr7-txt>\n\t\t\t\t\t\t<\/sr7-slide>\n\t\t\t\t\t\t<sr7-slide id=\"SR7_4_1-42\" data-key=\"42\">\n\t\t\t\t\t\t\t<sr7-bg id=\"SR7_4_1-42-slidebg\" class=\"sr7-layer\"><noscript><img decoding=\"async\" src=\"https:\/\/fwv-offenau.de\/cms\/wp-content\/uploads\/2024\/04\/Rainer-Beer-Slider.jpg\" alt=\"\" title=\"Rainer-Beer-Slider\"><\/noscript><\/sr7-bg>\n\t\t\t\t\t\t\t<sr7-txt id=\"SR7_4_1-42-1\" class=\"sr7-layer\">Rainer Beer<\/sr7-txt>\n\t\t\t\t\t\t\t<sr7-txt id=\"SR7_4_1-42-2\" class=\"sr7-layer\">Ich stehe f\u00fcr Umwelt- und Naturschutz sowie f\u00fcr den Erhalt und <br>Schaffung gr\u00fcner und lebenswerter \u00f6ffentlicher R\u00e4ume in <br>Offenau die zum Erhalt der Umwelt beitragen. <br><br>\n\nSowie f\u00fcr die Nachverdichtung von freien Fl\u00e4chen <br>im Ortsgebiet zur Wohnraumschaffung.\n\n<\/sr7-txt>\n\t\t\t\t\t\t<\/sr7-slide>\n\t\t\t\t\t\t<sr7-slide id=\"SR7_4_1-43\" data-key=\"43\">\n\t\t\t\t\t\t\t<sr7-bg id=\"SR7_4_1-43-slidebg\" class=\"sr7-layer\"><noscript><img decoding=\"async\" src=\"https:\/\/fwv-offenau.de\/cms\/wp-content\/uploads\/2024\/04\/Christian-PorschSlider.jpg\" alt=\"\" title=\"Christian-PorschSlider\"><\/noscript><\/sr7-bg>\n\t\t\t\t\t\t\t<sr7-txt id=\"SR7_4_1-43-1\" class=\"sr7-layer\">Christian Porsch<\/sr7-txt>\n\t\t\t\t\t\t\t<sr7-txt id=\"SR7_4_1-43-2\" class=\"sr7-layer\">Neue vielf\u00e4ltige Angebote f\u00fcr junge Menschen schaffen und die Familienfreundlichkeit in unserer Gemeinde weiter f\u00f6rdern.<\/sr7-txt>\n\t\t\t\t\t\t<\/sr7-slide>\n\t\t\t\t\t\t<sr7-slide id=\"SR7_4_1-40\" data-key=\"40\">\n\t\t\t\t\t\t\t<sr7-bg id=\"SR7_4_1-40-slidebg\" class=\"sr7-layer\"><noscript><img decoding=\"async\" src=\"https:\/\/fwv-offenau.de\/cms\/wp-content\/uploads\/2024\/04\/Elke-Geiger-Slider.jpg\" alt=\"\" title=\"Elke-Geiger-Slider\"><\/noscript><\/sr7-bg>\n\t\t\t\t\t\t\t<sr7-txt id=\"SR7_4_1-40-1\" class=\"sr7-layer\">Elke Geiger<\/sr7-txt>\n\t\t\t\t\t\t\t<sr7-txt id=\"SR7_4_1-40-2\" class=\"sr7-layer\">Nachhaltige St\u00e4rkung des Ehrenamts auf der guten Basis f\u00fcr <br>Vereine und Gruppen in Offenau\n<\/sr7-txt>\n\t\t\t\t\t\t<\/sr7-slide>\n\t\t\t\t\t\t<sr7-slide id=\"SR7_4_1-48\" data-key=\"48\">\n\t\t\t\t\t\t<\/sr7-slide>\n\t\t\t\t\t<\/sr7-content>\n\t\t\t\t<\/sr7-module>\n\t\t\t\t<script>\n\t\t\t\t\twindow.SR7 ??={};SR7.PMH ??={}; SR7.PMH[\"SR7_4_1\"] = {cn:100,state:false,fn: function() { if (window._tpt!==undefined && window._tpt.prepareModuleHeight !== undefined) {  _tpt.prepareModuleHeight({id:\"SR7_4_1\",el:[395],type:'standard',shdw:'1',gh:[395],gw:[1240],vpt:['-200px'],size:{fullWidth:false, fullHeight:false},mh:'0',onh:0,onw:0,bg:{color:'transparent'},googleFont:\"ignore\",plType:'0',plColor:'#FFFFFF'});   SR7.PMH[\"SR7_4_1\"].state=true;} else if(SR7.PMH[\"SR7_4_1\"].cn-->0)\tsetTimeout( SR7.PMH[\"SR7_4_1\"].fn,19);}};SR7.PMH[\"SR7_4_1\" ].fn();\n\t\t\t\t<\/script>\n[\/vc_column_text][vc_empty_space height=&#8220;52px&#8220;][\/vc_column][\/vc_row][vc_row][vc_column][vc_column_text css=&#8220;&#8220;]<\/p>\n<h2>Ihre Gemeinder\u00e4te der FWV<\/h2>\n<p>[\/vc_column_text][\/vc_column][\/vc_row][vc_row][vc_column][vc_column_text css=&#8220;&#8220;][\/vc_column_text][\/vc_column][\/vc_row][vc_row][vc_column][vc_column_text]<div id=\"awsm-team-423\" class=\"awsm-grid-wrapper\">\n\t\t\t<div class=\"awsm-grid list-style style-1 grid-2-col \">\n\t\t\t\t\t\t<div id=\"awsm-member-423-421\" class=\"awsm-grid-card\">\n\t\t\t\t   <figure>\n\t\t\t\t\t\t <img loading=\"lazy\" decoding=\"async\" width=\"300\" height=\"434\" src=\"https:\/\/fwv-offenau.de\/cms\/wp-content\/uploads\/2023\/05\/Roland-Haefele-300x434-1.jpg\" class=\"attachment-awsm_team size-awsm_team wp-post-image\" alt=\"\" srcset=\"https:\/\/fwv-offenau.de\/cms\/wp-content\/uploads\/2023\/05\/Roland-Haefele-300x434-1.jpg 300w, https:\/\/fwv-offenau.de\/cms\/wp-content\/uploads\/2023\/05\/Roland-Haefele-300x434-1-207x300.jpg 207w\" sizes=\"auto, (max-width: 300px) 100vw, 300px\" \/>\t\t\t\t\t\t <figcaption>\n\t\t\t\t\t\t\t<div class=\"awsm-personal-info\">\n\t\t\t\t\t\t\t   <h3>Roland H\u00e4fele<\/h3>\n\t\t\t\t\t\t\t   \t\t\t\t\t\t\t<\/div> <!-- .awsm-personal-info -->\n\t\t\t\t\t\t\t<div class=\"awsm-contact-info\">\n\t\t\t\t\t\t\t\t<p>, verheiratet,<\/p>\n<p>2\u00a0Kinder,<\/p>\n<p>Elektromeister\u00a0und Technischer Betriebswirt IHK,<\/p>\n<p>Vorsitzender\u00a0vom Arbeitskreis\u00a0Offenauer Vereine,<\/p>\n<p>Mitglied der TGO,<\/p>\n<p>Gemeinderat seit 2009,<\/p>\n<p>Fraktionsvorsitzender der FWV Offenau<\/p>\n<p>2. Stv. B\u00fcrgermeister<\/p>\n<p>&nbsp;<\/p>\n<div class=\"awsm-social-icons\"><span><a href=\"mailto:R.Haefele@fwv-offenau.de\"><i class=\"awsm-icon-mail\" aria-hidden=\"true\"><\/i><\/a><\/span><\/div>\t\t\t\t\t\t\t<\/div> <!-- .awsm-contact-info -->\n\t\t\t\t\t\t <\/figcaption>\n\t\t\t\t\t  <!-- <\/span> -->\n\t\t\t\t   <\/figure>\n\t\t\t\t<\/div>\n\t\t\t\t\t\t\t<div id=\"awsm-member-423-425\" class=\"awsm-grid-card\">\n\t\t\t\t   <figure>\n\t\t\t\t\t\t <img loading=\"lazy\" decoding=\"async\" width=\"300\" height=\"434\" src=\"https:\/\/fwv-offenau.de\/cms\/wp-content\/uploads\/2023\/05\/Kowol-300px.jpg\" class=\"attachment-awsm_team size-awsm_team wp-post-image\" alt=\"\" srcset=\"https:\/\/fwv-offenau.de\/cms\/wp-content\/uploads\/2023\/05\/Kowol-300px.jpg 300w, https:\/\/fwv-offenau.de\/cms\/wp-content\/uploads\/2023\/05\/Kowol-300px-207x300.jpg 207w\" sizes=\"auto, (max-width: 300px) 100vw, 300px\" \/>\t\t\t\t\t\t <figcaption>\n\t\t\t\t\t\t\t<div class=\"awsm-personal-info\">\n\t\t\t\t\t\t\t   <h3>J\u00fcrgen Kowol<\/h3>\n\t\t\t\t\t\t\t   \t\t\t\t\t\t\t<\/div> <!-- .awsm-personal-info -->\n\t\t\t\t\t\t\t<div class=\"awsm-contact-info\">\n\t\t\t\t\t\t\t\t<p>, verheiratet,<\/p>\n<p style=\"font-weight: 400;\">3\u00a0erwachsene Kinder,<\/p>\n<p style=\"font-weight: 400;\">Bankbetriebswirt (SBW),<\/p>\n<p style=\"font-weight: 400;\">Leiter Immobilienbewertung bei der Kreissparkasse Heilbronn,<\/p>\n<p style=\"font-weight: 400;\">Aktives\u00a0Mitglied\u00a0der\u00a0TGO Abteilung\u00a0Volleyball &amp;<\/p>\n<p style=\"font-weight: 400;\">Arbeitskreis Offenauer Vereine, F\u00f6rderverein Jugend- und Breitensport,<\/p>\n<p style=\"font-weight: 400;\">Mitglied im erweiterten Vorstand der Musikschule Unterer Neckar,<\/p>\n<p style=\"font-weight: 400;\">Vertreter im gemeinsamen Ausschuss der Verwaltungsgemeinschaft Bad Friedrichshall, Oedheim und Offenau,<\/p>\n<p style=\"font-weight: 400;\">Gr\u00fcndungsmitglied der Band Vocalis,<\/p>\n<p style=\"font-weight: 400;\">Gemeinderat seit 2014 &amp; 1. stv. B\u00fcrgermeister<\/p>\n<p>&nbsp;<\/p>\n<div class=\"awsm-social-icons\"><span><a href=\"mailto:J.Kowol@fwv-offenau.de\"><i class=\"awsm-icon-mail\" aria-hidden=\"true\"><\/i><\/a><\/span><span><a href=\"http:\/\/www.band-vocalis.de\/\" target=\"_blank\"><i class=\"awsm-icon-link\" aria-hidden=\"true\"><\/i><\/a><\/span><\/div>\t\t\t\t\t\t\t<\/div> <!-- .awsm-contact-info -->\n\t\t\t\t\t\t <\/figcaption>\n\t\t\t\t\t  <!-- <\/span> -->\n\t\t\t\t   <\/figure>\n\t\t\t\t<\/div>\n\t\t\t\t\t\t\t<div id=\"awsm-member-423-496\" class=\"awsm-grid-card\">\n\t\t\t\t   <figure>\n\t\t\t\t\t\t <img loading=\"lazy\" decoding=\"async\" width=\"300\" height=\"434\" src=\"https:\/\/fwv-offenau.de\/cms\/wp-content\/uploads\/2024\/04\/Rainer-Beer-300x434-1.jpg\" class=\"attachment-awsm_team size-awsm_team wp-post-image\" alt=\"\" srcset=\"https:\/\/fwv-offenau.de\/cms\/wp-content\/uploads\/2024\/04\/Rainer-Beer-300x434-1.jpg 300w, https:\/\/fwv-offenau.de\/cms\/wp-content\/uploads\/2024\/04\/Rainer-Beer-300x434-1-207x300.jpg 207w\" sizes=\"auto, (max-width: 300px) 100vw, 300px\" \/>\t\t\t\t\t\t <figcaption>\n\t\t\t\t\t\t\t<div class=\"awsm-personal-info\">\n\t\t\t\t\t\t\t   <h3>Rainer Beer<\/h3>\n\t\t\t\t\t\t\t   \t\t\t\t\t\t\t<\/div> <!-- .awsm-personal-info -->\n\t\t\t\t\t\t\t<div class=\"awsm-contact-info\">\n\t\t\t\t\t\t\t\t<p>, verheiratet,<\/p>\n<p>2 Kinder,<\/p>\n<p>G\u00e4rtnermeister im Garten- und Landschaftsbau,<\/p>\n<p>Sachbearbeiter Fachdienst Umwelt- und Technik im Landratsamt Neckar-Odenwald-Kreis<\/p>\n<p>Gemeinderat seit 2024<\/p>\n<p>Vertreter im gemeinsamen Ausschuss der Verwaltungsgemeinschaft Bad Friedrichshall, Oedheim und Offenau<\/p>\n<p>Vertreter in der Verbandsversammlung des Zweckverbandes Wasserversorgungsgruppe M\u00fchlbach<\/p>\n<p>&nbsp;<\/p>\n<div class=\"awsm-social-icons\"><span><a href=\"mailto:R.Beer@fwv-offenau.de\"><i class=\"awsm-icon-mail\" aria-hidden=\"true\"><\/i><\/a><\/span><\/div>\t\t\t\t\t\t\t<\/div> <!-- .awsm-contact-info -->\n\t\t\t\t\t\t <\/figcaption>\n\t\t\t\t\t  <!-- <\/span> -->\n\t\t\t\t   <\/figure>\n\t\t\t\t<\/div>\n\t\t\t\t\t\t\t<div id=\"awsm-member-423-494\" class=\"awsm-grid-card\">\n\t\t\t\t   <figure>\n\t\t\t\t\t\t <img loading=\"lazy\" decoding=\"async\" width=\"300\" height=\"434\" src=\"https:\/\/fwv-offenau.de\/cms\/wp-content\/uploads\/2024\/04\/Christian-Porsch300x434.jpg\" class=\"attachment-awsm_team size-awsm_team wp-post-image\" alt=\"\" srcset=\"https:\/\/fwv-offenau.de\/cms\/wp-content\/uploads\/2024\/04\/Christian-Porsch300x434.jpg 300w, https:\/\/fwv-offenau.de\/cms\/wp-content\/uploads\/2024\/04\/Christian-Porsch300x434-207x300.jpg 207w\" sizes=\"auto, (max-width: 300px) 100vw, 300px\" \/>\t\t\t\t\t\t <figcaption>\n\t\t\t\t\t\t\t<div class=\"awsm-personal-info\">\n\t\t\t\t\t\t\t   <h3>Christian Porsch<\/h3>\n\t\t\t\t\t\t\t   \t\t\t\t\t\t\t<\/div> <!-- .awsm-personal-info -->\n\t\t\t\t\t\t\t<div class=\"awsm-contact-info\">\n\t\t\t\t\t\t\t\t<p>, verheiratet,<\/p>\n<p>2 Kinder,<\/p>\n<p>Technischer Betriebswirt IHK,<\/p>\n<p>Technischer Sachbearbeiter Pilothalle, Audi Neckarsulm,<\/p>\n<p>Mitglied der TGO,<\/p>\n<p>Jugendtrainer und Jugendleiter der Abteilung Fu\u00dfball<\/p>\n<p>Gemeinderat seit 2024<\/p>\n<p>&nbsp;<\/p>\n<div class=\"awsm-social-icons\"><span><a href=\"mailto:C.Porsch@fwv-offenau.de\"><i class=\"awsm-icon-mail\" aria-hidden=\"true\"><\/i><\/a><\/span><\/div>\t\t\t\t\t\t\t<\/div> <!-- .awsm-contact-info -->\n\t\t\t\t\t\t <\/figcaption>\n\t\t\t\t\t  <!-- <\/span> -->\n\t\t\t\t   <\/figure>\n\t\t\t\t<\/div>\n\t\t\t\t\t\t\t<div id=\"awsm-member-423-428\" class=\"awsm-grid-card\">\n\t\t\t\t   <figure>\n\t\t\t\t\t\t <img loading=\"lazy\" decoding=\"async\" width=\"300\" height=\"434\" src=\"https:\/\/fwv-offenau.de\/cms\/wp-content\/uploads\/2023\/05\/Elke-Geiger-300x434-1.jpg\" class=\"attachment-awsm_team size-awsm_team wp-post-image\" alt=\"\" srcset=\"https:\/\/fwv-offenau.de\/cms\/wp-content\/uploads\/2023\/05\/Elke-Geiger-300x434-1.jpg 300w, https:\/\/fwv-offenau.de\/cms\/wp-content\/uploads\/2023\/05\/Elke-Geiger-300x434-1-207x300.jpg 207w\" sizes=\"auto, (max-width: 300px) 100vw, 300px\" \/>\t\t\t\t\t\t <figcaption>\n\t\t\t\t\t\t\t<div class=\"awsm-personal-info\">\n\t\t\t\t\t\t\t   <h3>Elke Geiger<\/h3>\n\t\t\t\t\t\t\t   \t\t\t\t\t\t\t<\/div> <!-- .awsm-personal-info -->\n\t\t\t\t\t\t\t<div class=\"awsm-contact-info\">\n\t\t\t\t\t\t\t\t<p>, verheiratet,<\/p>\n<p>1 Kind,<\/p>\n<p>Kfm. Sachbearbeiterin Buchhaltung \/ Finanzen,<\/p>\n<p>Aktives Mitglied der TGO Abt. Turnen und Volleyball,<\/p>\n<p>\u00dcbungsleiterin Frauen- und Kinderturnen,<\/p>\n<p>Mitglied im Ausschuss Schulsozialarbeit,<\/p>\n<p>Gemeinder\u00e4tin seit 2019<\/p>\n<p>&nbsp;<\/p>\n<div class=\"awsm-social-icons\"><span><a href=\"mailto:E.Geiger@fwv-offenau.de\"><i class=\"awsm-icon-mail\" aria-hidden=\"true\"><\/i><\/a><\/span><\/div>\t\t\t\t\t\t\t<\/div> <!-- .awsm-contact-info -->\n\t\t\t\t\t\t <\/figcaption>\n\t\t\t\t\t  <!-- <\/span> -->\n\t\t\t\t   <\/figure>\n\t\t\t\t<\/div>\n\t\t\t\t\t<\/div><!-- .grid -->\n\t\t<\/div>\n[\/vc_column_text][\/vc_column][\/vc_row][vc_row][vc_column][vc_empty_space height=&#8220;50px&#8220;][\/vc_column][\/vc_row]<\/p>\n<\/div>","protected":false},"excerpt":{"rendered":"<p>[vc_row][vc_column][vc_column_text css=&#8220;&#8220;][\/vc_column_text][vc_empty_space height=&#8220;52px&#8220;][\/vc_column][\/vc_row][vc_row][vc_column][vc_column_text css=&#8220;&#8220;] Ihre Gemeinder\u00e4te der FWV [\/vc_column_text][\/vc_column][\/vc_row][vc_row][vc_column][vc_column_text css=&#8220;&#8220;][\/vc_column_text][\/vc_column][\/vc_row][vc_row][vc_column][vc_column_text][\/vc_column_text][\/vc_column][\/vc_row][vc_row][vc_column][vc_empty_space height=&#8220;50px&#8220;][\/vc_column][\/vc_row]<\/p>\n","protected":false},"author":1,"featured_media":0,"parent":0,"menu_order":0,"comment_status":"closed","ping_status":"closed","template":"template-fullwidth.php","meta":{"footnotes":""},"class_list":["post-9","page","type-page","status-publish","hentry"],"_links":{"self":[{"href":"https:\/\/fwv-offenau.de\/cms\/wp-json\/wp\/v2\/pages\/9","targetHints":{"allow":["GET"]}}],"collection":[{"href":"https:\/\/fwv-offenau.de\/cms\/wp-json\/wp\/v2\/pages"}],"about":[{"href":"https:\/\/fwv-offenau.de\/cms\/wp-json\/wp\/v2\/types\/page"}],"author":[{"embeddable":true,"href":"https:\/\/fwv-offenau.de\/cms\/wp-json\/wp\/v2\/users\/1"}],"replies":[{"embeddable":true,"href":"https:\/\/fwv-offenau.de\/cms\/wp-json\/wp\/v2\/comments?post=9"}],"version-history":[{"count":10,"href":"https:\/\/fwv-offenau.de\/cms\/wp-json\/wp\/v2\/pages\/9\/revisions"}],"predecessor-version":[{"id":610,"href":"https:\/\/fwv-offenau.de\/cms\/wp-json\/wp\/v2\/pages\/9\/revisions\/610"}],"wp:attachment":[{"href":"https:\/\/fwv-offenau.de\/cms\/wp-json\/wp\/v2\/media?parent=9"}],"curies":[{"name":"wp","href":"https:\/\/api.w.org\/{rel}","templated":true}]}}